{"id":1560,"date":"2024-03-25T08:01:59","date_gmt":"2024-03-25T08:01:59","guid":{"rendered":"https:\/\/kvwengi.ch\/neueWebpage\/?page_id=1560"},"modified":"2024-05-06T17:38:29","modified_gmt":"2024-05-06T17:38:29","slug":"einsteigerpruefung-sporthunde","status":"publish","type":"page","link":"https:\/\/kvwengi.ch\/neueWebpage\/einsteigerpruefung-sporthunde\/","title":{"rendered":"Einsteigerpr\u00fcfung Sporthunde"},"content":{"rendered":"\n<h2 class=\"wp-block-heading\">Einsteigerpr\u00fcfung Sporthunde<\/h2>\n\n\n\n<p class=\"has-medium-font-size\">Die Einsteigerpr\u00fcfung soll dir den Einstieg in den Hundesport erm\u00f6glichen und gilt als Vorstufe zu den offiziellen Hundesportarten.<\/p>\n\n\n\n<div class=\"wp-block-columns is-layout-flex wp-container-core-columns-is-layout-28f84493 wp-block-columns-is-layout-flex\">\n<div class=\"wp-block-column is-layout-flow wp-block-column-is-layout-flow\">\n<p class=\"has-medium-font-size\">In zehn \u00dcbungen zeigst du das K\u00f6nnen von deinem Hund und dir. Die \u00dcbungen sind: Identit\u00e4tskontrolle (Chip-Ablesen), Begr\u00fcssung bei der Richterin, Leinenf\u00fchrigkeit (angeleint), Freifolge (abgeleint), Einnehmen der Position &#8222;Sitz&#8220;, Einnehmen der Position &#8222;Platz&#8220;, Halten oder Tragen eines Gegenstandes, Sprung, Verweilen, Voraus.  <a href=\"https:\/\/www.tkgs.ch\/cms\/files\/EP\/Einzelne_bungen_EP_JAN24.pdf\" data-type=\"link\" data-id=\"https:\/\/www.tkgs.ch\/cms\/files\/EP\/Einzelne_bungen_EP_JAN24.pdf\" target=\"_blank\" rel=\"noreferrer noopener\">Beschrieb der einzelnen \u00dcbungen&#8230;<\/a><\/p>\n<\/div>\n\n\n\n<div class=\"wp-block-column is-layout-flow wp-block-column-is-layout-flow\"><div class=\"wp-block-image\">\n<figure class=\"alignright size-large is-resized\"><img loading=\"lazy\" decoding=\"async\" width=\"1024\" height=\"887\" src=\"https:\/\/kvwengi.ch\/neueWebpage\/wp-content\/uploads\/2024\/03\/202311198306-1024x887.jpg\" alt=\"\" class=\"wp-image-1567\" style=\"aspect-ratio:1;object-fit:cover;width:250px\" srcset=\"https:\/\/kvwengi.ch\/neueWebpage\/wp-content\/uploads\/2024\/03\/202311198306-1024x887.jpg 1024w, https:\/\/kvwengi.ch\/neueWebpage\/wp-content\/uploads\/2024\/03\/202311198306-300x260.jpg 300w, https:\/\/kvwengi.ch\/neueWebpage\/wp-content\/uploads\/2024\/03\/202311198306-768x665.jpg 768w, https:\/\/kvwengi.ch\/neueWebpage\/wp-content\/uploads\/2024\/03\/202311198306-1536x1331.jpg 1536w, https:\/\/kvwengi.ch\/neueWebpage\/wp-content\/uploads\/2024\/03\/202311198306.jpg 1925w\" sizes=\"auto, (max-width: 1024px) 100vw, 1024px\" \/><\/figure>\n<\/div><\/div>\n<\/div>\n\n\n\n<p class=\"has-medium-font-size\"><strong>Starten:<\/strong> Jedes Hund-Mensch-Team kann starten. Es braucht keine Lizenz.<\/p>\n\n\n\n<p class=\"has-medium-font-size\"><strong>Datum &amp; Zeit:<\/strong> Samstag, 11. Mai 2024 am Tag des Hundes, ab 10:00 Uhr<\/p>\n\n\n\n<p class=\"has-medium-font-size\"><strong>Bewerterin: <\/strong>Jelia Jeremias<\/p>\n\n\n\n<p class=\"has-medium-font-size\"><strong>Pr\u00fcfungsleitung:<\/strong> Stephanie Furrer<\/p>\n\n\n\n<p class=\"has-medium-font-size\"><strong>Ort:<\/strong> KV Wengi Solothurn und Umgebung, Taubenmoosweg 4, 4562 Biberist<\/p>\n\n\n\n<p class=\"has-medium-font-size\"><strong>Kosten:<\/strong> CHF 40.- (ohne Essen, pro Hund-Mensch-Team)<\/p>\n\n\n\n<p class=\"has-medium-font-size\"><strong>Anmeldeschluss: <\/strong>28. April 2024<\/p>\n\n\n\n<h2 class=\"wp-block-heading\">Die Anmeldung ist geschlossen (kostenpflichtig, mit Bewertung)<\/h2>\n\n\n\n<p><em>Die Anmeldungen werden nach Datums-Eingang ber\u00fccksichtigt. Die maximale TN-Zahl wird vom Veranstalter festgelegt. Bei nicht Erscheinen sind die Kosten trotzdem zu entrichten (Bitte melde dich ab, wenn dir was dazwischen kommt)<\/em>.<\/p>\n","protected":false},"excerpt":{"rendered":"<p>Einsteigerpr\u00fcfung Sporthunde Die Einsteigerpr\u00fcfung soll dir den Einstieg in den Hundesport erm\u00f6glichen und gilt als Vorstufe zu den offiziellen Hundesportarten. In zehn \u00dcbungen zeigst du das K\u00f6nnen von deinem Hund und dir. Die \u00dcbungen sind: Identit\u00e4tskontrolle (Chip-Ablesen), Begr\u00fcssung bei der Richterin, Leinenf\u00fchrigkeit (angeleint), Freifolge (abgeleint), Einnehmen der Position &#8222;Sitz&#8220;, Einnehmen der Position &#8222;Platz&#8220;, Halten oder [&hellip;]<\/p>\n","protected":false},"author":1,"featured_media":0,"parent":0,"menu_order":0,"comment_status":"closed","ping_status":"closed","template":"templates\/fullwidth.php","meta":{"footnotes":""},"class_list":["post-1560","page","type-page","status-publish","hentry"],"yoast_head":"<!-- This site is optimized with the Yoast SEO plugin v27.4 - https:\/\/yoast.com\/product\/yoast-seo-wordpress\/ -->\n<title>Einsteigerpr\u00fcfung Sporthunde - KV Wengi<\/title>\n<meta name=\"robots\" content=\"index, follow, max-snippet:-1, max-image-preview:large, max-video-preview:-1\" \/>\n<link rel=\"canonical\" href=\"https:\/\/kvwengi.ch\/neueWebpage\/einsteigerpruefung-sporthunde\/\" \/>\n<meta property=\"og:locale\" content=\"de_DE\" \/>\n<meta property=\"og:type\" content=\"article\" \/>\n<meta property=\"og:title\" content=\"Einsteigerpr\u00fcfung Sporthunde - KV Wengi\" \/>\n<meta property=\"og:description\" content=\"Einsteigerpr\u00fcfung Sporthunde Die Einsteigerpr\u00fcfung soll dir den Einstieg in den Hundesport erm\u00f6glichen und gilt als Vorstufe zu den offiziellen Hundesportarten. In zehn \u00dcbungen zeigst du das K\u00f6nnen von deinem Hund und dir. Die \u00dcbungen sind: Identit\u00e4tskontrolle (Chip-Ablesen), Begr\u00fcssung bei der Richterin, Leinenf\u00fchrigkeit (angeleint), Freifolge (abgeleint), Einnehmen der Position &#8222;Sitz&#8220;, Einnehmen der Position &#8222;Platz&#8220;, Halten oder [&hellip;]\" \/>\n<meta property=\"og:url\" content=\"https:\/\/kvwengi.ch\/neueWebpage\/einsteigerpruefung-sporthunde\/\" \/>\n<meta property=\"og:site_name\" content=\"KV Wengi\" \/>\n<meta property=\"article:publisher\" content=\"https:\/\/facebook.com\/kvwengi\" \/>\n<meta property=\"article:modified_time\" content=\"2024-05-06T17:38:29+00:00\" \/>\n<meta property=\"og:image\" content=\"https:\/\/kvwengi.ch\/neueWebpage\/wp-content\/uploads\/2024\/03\/202311198306-1024x887.jpg\" \/>\n<meta name=\"twitter:card\" content=\"summary_large_image\" \/>\n<meta name=\"twitter:label1\" content=\"Gesch\u00e4tzte Lesezeit\" \/>\n\t<meta name=\"twitter:data1\" content=\"1\u00a0Minute\" \/>\n<script type=\"application\/ld+json\" class=\"yoast-schema-graph\">{\"@context\":\"https:\\\/\\\/schema.org\",\"@graph\":[{\"@type\":\"WebPage\",\"@id\":\"https:\\\/\\\/kvwengi.ch\\\/neueWebpage\\\/einsteigerpruefung-sporthunde\\\/\",\"url\":\"https:\\\/\\\/kvwengi.ch\\\/neueWebpage\\\/einsteigerpruefung-sporthunde\\\/\",\"name\":\"Einsteigerpr\u00fcfung Sporthunde - KV Wengi\",\"isPartOf\":{\"@id\":\"https:\\\/\\\/kvwengi.ch\\\/neueWebpage\\\/#website\"},\"primaryImageOfPage\":{\"@id\":\"https:\\\/\\\/kvwengi.ch\\\/neueWebpage\\\/einsteigerpruefung-sporthunde\\\/#primaryimage\"},\"image\":{\"@id\":\"https:\\\/\\\/kvwengi.ch\\\/neueWebpage\\\/einsteigerpruefung-sporthunde\\\/#primaryimage\"},\"thumbnailUrl\":\"https:\\\/\\\/kvwengi.ch\\\/neueWebpage\\\/wp-content\\\/uploads\\\/2024\\\/03\\\/202311198306-1024x887.jpg\",\"datePublished\":\"2024-03-25T08:01:59+00:00\",\"dateModified\":\"2024-05-06T17:38:29+00:00\",\"breadcrumb\":{\"@id\":\"https:\\\/\\\/kvwengi.ch\\\/neueWebpage\\\/einsteigerpruefung-sporthunde\\\/#breadcrumb\"},\"inLanguage\":\"de\",\"potentialAction\":[{\"@type\":\"ReadAction\",\"target\":[\"https:\\\/\\\/kvwengi.ch\\\/neueWebpage\\\/einsteigerpruefung-sporthunde\\\/\"]}]},{\"@type\":\"ImageObject\",\"inLanguage\":\"de\",\"@id\":\"https:\\\/\\\/kvwengi.ch\\\/neueWebpage\\\/einsteigerpruefung-sporthunde\\\/#primaryimage\",\"url\":\"https:\\\/\\\/kvwengi.ch\\\/neueWebpage\\\/wp-content\\\/uploads\\\/2024\\\/03\\\/202311198306.jpg\",\"contentUrl\":\"https:\\\/\\\/kvwengi.ch\\\/neueWebpage\\\/wp-content\\\/uploads\\\/2024\\\/03\\\/202311198306.jpg\",\"width\":1925,\"height\":1668},{\"@type\":\"BreadcrumbList\",\"@id\":\"https:\\\/\\\/kvwengi.ch\\\/neueWebpage\\\/einsteigerpruefung-sporthunde\\\/#breadcrumb\",\"itemListElement\":[{\"@type\":\"ListItem\",\"position\":1,\"name\":\"Startseite\",\"item\":\"https:\\\/\\\/kvwengi.ch\\\/neueWebpage\\\/\"},{\"@type\":\"ListItem\",\"position\":2,\"name\":\"Einsteigerpr\u00fcfung Sporthunde\"}]},{\"@type\":\"WebSite\",\"@id\":\"https:\\\/\\\/kvwengi.ch\\\/neueWebpage\\\/#website\",\"url\":\"https:\\\/\\\/kvwengi.ch\\\/neueWebpage\\\/\",\"name\":\"KV Wengi\",\"description\":\"KYNOLOGISCHER VEREIN WENGI SOLOTHURN UND UMGEBUNG\",\"publisher\":{\"@id\":\"https:\\\/\\\/kvwengi.ch\\\/neueWebpage\\\/#organization\"},\"potentialAction\":[{\"@type\":\"SearchAction\",\"target\":{\"@type\":\"EntryPoint\",\"urlTemplate\":\"https:\\\/\\\/kvwengi.ch\\\/neueWebpage\\\/?s={search_term_string}\"},\"query-input\":{\"@type\":\"PropertyValueSpecification\",\"valueRequired\":true,\"valueName\":\"search_term_string\"}}],\"inLanguage\":\"de\"},{\"@type\":\"Organization\",\"@id\":\"https:\\\/\\\/kvwengi.ch\\\/neueWebpage\\\/#organization\",\"name\":\"KV Wengi\",\"url\":\"https:\\\/\\\/kvwengi.ch\\\/neueWebpage\\\/\",\"logo\":{\"@type\":\"ImageObject\",\"inLanguage\":\"de\",\"@id\":\"https:\\\/\\\/kvwengi.ch\\\/neueWebpage\\\/#\\\/schema\\\/logo\\\/image\\\/\",\"url\":\"https:\\\/\\\/kvwengi.ch\\\/neueWebpage\\\/wp-content\\\/uploads\\\/2026\\\/03\\\/cropped-Original_Wengi-2025_klein-e1774172228317.png\",\"contentUrl\":\"https:\\\/\\\/kvwengi.ch\\\/neueWebpage\\\/wp-content\\\/uploads\\\/2026\\\/03\\\/cropped-Original_Wengi-2025_klein-e1774172228317.png\",\"width\":250,\"height\":213,\"caption\":\"KV Wengi\"},\"image\":{\"@id\":\"https:\\\/\\\/kvwengi.ch\\\/neueWebpage\\\/#\\\/schema\\\/logo\\\/image\\\/\"},\"sameAs\":[\"https:\\\/\\\/facebook.com\\\/kvwengi\"]}]}<\/script>\n<!-- \/ Yoast SEO plugin. -->","yoast_head_json":{"title":"Einsteigerpr\u00fcfung Sporthunde - KV Wengi","robots":{"index":"index","follow":"follow","max-snippet":"max-snippet:-1","max-image-preview":"max-image-preview:large","max-video-preview":"max-video-preview:-1"},"canonical":"https:\/\/kvwengi.ch\/neueWebpage\/einsteigerpruefung-sporthunde\/","og_locale":"de_DE","og_type":"article","og_title":"Einsteigerpr\u00fcfung Sporthunde - KV Wengi","og_description":"Einsteigerpr\u00fcfung Sporthunde Die Einsteigerpr\u00fcfung soll dir den Einstieg in den Hundesport erm\u00f6glichen und gilt als Vorstufe zu den offiziellen Hundesportarten. In zehn \u00dcbungen zeigst du das K\u00f6nnen von deinem Hund und dir. Die \u00dcbungen sind: Identit\u00e4tskontrolle (Chip-Ablesen), Begr\u00fcssung bei der Richterin, Leinenf\u00fchrigkeit (angeleint), Freifolge (abgeleint), Einnehmen der Position &#8222;Sitz&#8220;, Einnehmen der Position &#8222;Platz&#8220;, Halten oder [&hellip;]","og_url":"https:\/\/kvwengi.ch\/neueWebpage\/einsteigerpruefung-sporthunde\/","og_site_name":"KV Wengi","article_publisher":"https:\/\/facebook.com\/kvwengi","article_modified_time":"2024-05-06T17:38:29+00:00","og_image":[{"url":"https:\/\/kvwengi.ch\/neueWebpage\/wp-content\/uploads\/2024\/03\/202311198306-1024x887.jpg","type":"","width":"","height":""}],"twitter_card":"summary_large_image","twitter_misc":{"Gesch\u00e4tzte Lesezeit":"1\u00a0Minute"},"schema":{"@context":"https:\/\/schema.org","@graph":[{"@type":"WebPage","@id":"https:\/\/kvwengi.ch\/neueWebpage\/einsteigerpruefung-sporthunde\/","url":"https:\/\/kvwengi.ch\/neueWebpage\/einsteigerpruefung-sporthunde\/","name":"Einsteigerpr\u00fcfung Sporthunde - KV Wengi","isPartOf":{"@id":"https:\/\/kvwengi.ch\/neueWebpage\/#website"},"primaryImageOfPage":{"@id":"https:\/\/kvwengi.ch\/neueWebpage\/einsteigerpruefung-sporthunde\/#primaryimage"},"image":{"@id":"https:\/\/kvwengi.ch\/neueWebpage\/einsteigerpruefung-sporthunde\/#primaryimage"},"thumbnailUrl":"https:\/\/kvwengi.ch\/neueWebpage\/wp-content\/uploads\/2024\/03\/202311198306-1024x887.jpg","datePublished":"2024-03-25T08:01:59+00:00","dateModified":"2024-05-06T17:38:29+00:00","breadcrumb":{"@id":"https:\/\/kvwengi.ch\/neueWebpage\/einsteigerpruefung-sporthunde\/#breadcrumb"},"inLanguage":"de","potentialAction":[{"@type":"ReadAction","target":["https:\/\/kvwengi.ch\/neueWebpage\/einsteigerpruefung-sporthunde\/"]}]},{"@type":"ImageObject","inLanguage":"de","@id":"https:\/\/kvwengi.ch\/neueWebpage\/einsteigerpruefung-sporthunde\/#primaryimage","url":"https:\/\/kvwengi.ch\/neueWebpage\/wp-content\/uploads\/2024\/03\/202311198306.jpg","contentUrl":"https:\/\/kvwengi.ch\/neueWebpage\/wp-content\/uploads\/2024\/03\/202311198306.jpg","width":1925,"height":1668},{"@type":"BreadcrumbList","@id":"https:\/\/kvwengi.ch\/neueWebpage\/einsteigerpruefung-sporthunde\/#breadcrumb","itemListElement":[{"@type":"ListItem","position":1,"name":"Startseite","item":"https:\/\/kvwengi.ch\/neueWebpage\/"},{"@type":"ListItem","position":2,"name":"Einsteigerpr\u00fcfung Sporthunde"}]},{"@type":"WebSite","@id":"https:\/\/kvwengi.ch\/neueWebpage\/#website","url":"https:\/\/kvwengi.ch\/neueWebpage\/","name":"KV Wengi","description":"KYNOLOGISCHER VEREIN WENGI SOLOTHURN UND UMGEBUNG","publisher":{"@id":"https:\/\/kvwengi.ch\/neueWebpage\/#organization"},"potentialAction":[{"@type":"SearchAction","target":{"@type":"EntryPoint","urlTemplate":"https:\/\/kvwengi.ch\/neueWebpage\/?s={search_term_string}"},"query-input":{"@type":"PropertyValueSpecification","valueRequired":true,"valueName":"search_term_string"}}],"inLanguage":"de"},{"@type":"Organization","@id":"https:\/\/kvwengi.ch\/neueWebpage\/#organization","name":"KV Wengi","url":"https:\/\/kvwengi.ch\/neueWebpage\/","logo":{"@type":"ImageObject","inLanguage":"de","@id":"https:\/\/kvwengi.ch\/neueWebpage\/#\/schema\/logo\/image\/","url":"https:\/\/kvwengi.ch\/neueWebpage\/wp-content\/uploads\/2026\/03\/cropped-Original_Wengi-2025_klein-e1774172228317.png","contentUrl":"https:\/\/kvwengi.ch\/neueWebpage\/wp-content\/uploads\/2026\/03\/cropped-Original_Wengi-2025_klein-e1774172228317.png","width":250,"height":213,"caption":"KV Wengi"},"image":{"@id":"https:\/\/kvwengi.ch\/neueWebpage\/#\/schema\/logo\/image\/"},"sameAs":["https:\/\/facebook.com\/kvwengi"]}]}},"_links":{"self":[{"href":"https:\/\/kvwengi.ch\/neueWebpage\/wp-json\/wp\/v2\/pages\/1560","targetHints":{"allow":["GET"]}}],"collection":[{"href":"https:\/\/kvwengi.ch\/neueWebpage\/wp-json\/wp\/v2\/pages"}],"about":[{"href":"https:\/\/kvwengi.ch\/neueWebpage\/wp-json\/wp\/v2\/types\/page"}],"author":[{"embeddable":true,"href":"https:\/\/kvwengi.ch\/neueWebpage\/wp-json\/wp\/v2\/users\/1"}],"replies":[{"embeddable":true,"href":"https:\/\/kvwengi.ch\/neueWebpage\/wp-json\/wp\/v2\/comments?post=1560"}],"version-history":[{"count":8,"href":"https:\/\/kvwengi.ch\/neueWebpage\/wp-json\/wp\/v2\/pages\/1560\/revisions"}],"predecessor-version":[{"id":1635,"href":"https:\/\/kvwengi.ch\/neueWebpage\/wp-json\/wp\/v2\/pages\/1560\/revisions\/1635"}],"wp:attachment":[{"href":"https:\/\/kvwengi.ch\/neueWebpage\/wp-json\/wp\/v2\/media?parent=1560"}],"curies":[{"name":"wp","href":"https:\/\/api.w.org\/{rel}","templated":true}]}}