{"id":38,"date":"2023-02-03T09:22:28","date_gmt":"2023-02-03T09:22:28","guid":{"rendered":"https:\/\/kvwengi.ch\/neueWebpage\/neueWebpage\/?page_id=38"},"modified":"2023-07-01T20:30:26","modified_gmt":"2023-07-01T20:30:26","slug":"agility","status":"publish","type":"page","link":"https:\/\/kvwengi.ch\/neueWebpage\/sportsparten\/agility\/","title":{"rendered":"Agility"},"content":{"rendered":"\n<h2 class=\"wp-block-heading\">Agility<\/h2>\n\n\n\n<p class=\"has-medium-font-size\">Im Agility f\u00fchrt der Hundehalter den Hund m\u00f6glichst schnell und fehlerfrei durch einen Hindernis-Parcours. Dieser beinhaltet Spr\u00fcnge, Tunnel, Wand, Wippe, Steg und verschiedene Wendungen. <\/p>\n\n\n<div class=\"wp-block-image\">\n<figure class=\"aligncenter size-full\"><img loading=\"lazy\" decoding=\"async\" width=\"685\" height=\"244\" src=\"https:\/\/kvwengi.ch\/neueWebpage\/wp-content\/uploads\/2023\/04\/Bildschirm\u00adfoto-2023-04-22-um-20.23.09.png\" alt=\"\" class=\"wp-image-296\" srcset=\"https:\/\/kvwengi.ch\/neueWebpage\/wp-content\/uploads\/2023\/04\/Bildschirm\u00adfoto-2023-04-22-um-20.23.09.png 685w, https:\/\/kvwengi.ch\/neueWebpage\/wp-content\/uploads\/2023\/04\/Bildschirm\u00adfoto-2023-04-22-um-20.23.09-300x107.png 300w\" sizes=\"auto, (max-width: 685px) 100vw, 685px\" \/><figcaption class=\"wp-element-caption\">  <\/figcaption><\/figure>\n<\/div>\n\n\n<h3 class=\"wp-block-heading\">Einstieg<\/h3>\n\n\n\n<p class=\"has-medium-font-size\">Um mit dem Agility-Training zu beginnen, ist der Agility-Aufbaukurs der richtige Start. Diese werden ein bis zweimal j\u00e4hrlich angeboten.<\/p>\n\n\n\n<h3 class=\"wp-block-heading\">Kategorien<\/h3>\n\n\n\n<p class=\"has-medium-font-size\">Die Hunde werden aufgrund ihrer Wiederristh\u00f6he in folgende vier Gr\u00f6ssenkategorien eingeteilt:<br>Small: kleiner als 35 cm,\u00a0 Medium: von 35 cm bis kleiner als 43 cm, Intermediate: von 43 cm bis kleiner als 48 cm, Large: ab 48 cm<\/p>\n\n\n\n<h3 class=\"wp-block-heading\">Hund<\/h3>\n\n\n\n<p class=\"has-medium-font-size\">Mindestalter: 10 Monate<br>Der Hund sollte nicht \u00fcbergewichtig sein.<br>Absolvierter Welpen- \/ Junghund- \/ Basiskurs ist erw\u00fcnscht.<br>Bissige und aggressive Hunde werden nicht zum Agility-Training zugelassen.<\/p>\n\n\n\n<h3 class=\"wp-block-heading\">Trainingsgruppen<\/h3>\n\n\n\n<p class=\"has-medium-font-size\">Wir trainieren in verschiedenen Gruppen: Anf\u00e4nger, Aufbau, Wettkampf. <\/p>\n\n\n\n<p class=\"has-medium-font-size\">Voraussetzung in einer Gruppe zu trainieren, ist ein absolvierter Anf\u00e4ngerkurs. Die Erfahrung hat gezeigt, dass ein sauberer und gezielter Aufbau an den Agilityger\u00e4ten sehr wichtig ist, damit ein sicheres Absolvieren der Hindernisse gew\u00e4hrleistet ist.<\/p>\n\n\n\n<p class=\"has-medium-font-size\">Das Sommertraining findet ab April bis Mitte Oktober auf dem Rasenplatz (Clubgel\u00e4nde Enge) statt. Dienstag (intermediate\/large), Donnerstag (small\/medium) ab 18.30 bis 22.00 Uhr.<\/p>\n\n\n\n<p class=\"has-medium-font-size\">Das Wintertraining findet\u00a0je nach Verf\u00fcgbarkeit in der Halle\u00a0statt. Ab\u00a0November bis Ende M\u00e4rz. Es fallen hierbei zus\u00e4tzliche Kosten f\u00fcr die Hallenmiete an.<\/p>\n\n\n<div class=\"wp-block-image\">\n<figure class=\"aligncenter size-full is-resized\"><img loading=\"lazy\" decoding=\"async\" src=\"https:\/\/kvwengi.ch\/neueWebpage\/wp-content\/uploads\/2023\/04\/Bildschirm\u00adfoto-2023-04-22-um-20.12.54.png\" alt=\"\" class=\"wp-image-287\" width=\"633\" height=\"311\" srcset=\"https:\/\/kvwengi.ch\/neueWebpage\/wp-content\/uploads\/2023\/04\/Bildschirm\u00adfoto-2023-04-22-um-20.12.54.png 994w, https:\/\/kvwengi.ch\/neueWebpage\/wp-content\/uploads\/2023\/04\/Bildschirm\u00adfoto-2023-04-22-um-20.12.54-300x148.png 300w, https:\/\/kvwengi.ch\/neueWebpage\/wp-content\/uploads\/2023\/04\/Bildschirm\u00adfoto-2023-04-22-um-20.12.54-768x378.png 768w\" sizes=\"auto, (max-width: 633px) 100vw, 633px\" \/><figcaption class=\"wp-element-caption\"> <\/figcaption><\/figure>\n<\/div>\n\n\n<h3 class=\"wp-block-heading\">Aufbaukurs<\/h3>\n\n\n\n<p class=\"has-medium-font-size\">Jedes Jahr findet ein Anf\u00e4ngerkurs f\u00fcr Agility statt. In der Regel startet dieser Anfang April. Schau unter <a href=\"https:\/\/kvwengi.ch\/neueWebpage\/kurse-und-anlaesse\/\" data-type=\"URL\" data-id=\"https:\/\/kvwengi.ch\/neueWebpage\/kurse-und-anlaesse\/\">Kurse<\/a>, ob einer ausgeschrieben ist.<\/p>\n\n\n\n<h2 class=\"wp-block-heading\">Du hast Fragen oder Interesse an Agility, dann kontaktiere uns \u00fcber das Formular:<\/h2>\n\n\n<style id=\"wpforms-css-vars-350-block-f9e864de-563b-4106-a90c-56caff87bc05\">\n\t\t\t\t#wpforms-350.wpforms-block-f9e864de-563b-4106-a90c-56caff87bc05 {\n\t\t\t\t--wpforms-field-size-input-height: 31px;\n--wpforms-field-size-input-spacing: 10px;\n--wpforms-field-size-font-size: 14px;\n--wpforms-field-size-line-height: 17px;\n--wpforms-field-size-padding-h: 9px;\n--wpforms-field-size-checkbox-size: 14px;\n--wpforms-field-size-sublabel-spacing: 5px;\n--wpforms-field-size-icon-size: 0.75;\n--wpforms-label-size-font-size: 14px;\n--wpforms-label-size-line-height: 17px;\n--wpforms-label-size-sublabel-font-size: 13px;\n--wpforms-label-size-sublabel-line-height: 16px;\n\t\t\t}\n\t\t\t<\/style><div class=\"wpforms-container wpforms-container-full wpforms-block wpforms-block-f9e864de-563b-4106-a90c-56caff87bc05 wpforms-render-modern\" id=\"wpforms-350\"><form id=\"wpforms-form-350\" class=\"wpforms-validate wpforms-form wpforms-ajax-form\" data-formid=\"350\" method=\"post\" enctype=\"multipart\/form-data\" action=\"\/neueWebpage\/wp-json\/wp\/v2\/pages\/38\" data-token=\"2c57eeb81cd706b0bb4df9c46450c00b\" data-token-time=\"1776853611\"><noscript class=\"wpforms-error-noscript\">Bitte aktiviere JavaScript in deinem Browser, um dieses Formular fertigzustellen.<\/noscript><div id=\"wpforms-error-noscript\" style=\"display: none;\">Bitte aktiviere JavaScript in deinem Browser, um dieses Formular fertigzustellen.<\/div><div class=\"wpforms-field-container\"><div id=\"wpforms-350-field_0-container\" class=\"wpforms-field wpforms-field-name\" data-field-id=\"0\"><fieldset><legend class=\"wpforms-field-label\">Name <span class=\"wpforms-required-label\" aria-hidden=\"true\">*<\/span><\/legend><div class=\"wpforms-field-row wpforms-field-medium\"><div class=\"wpforms-field-row-block wpforms-first wpforms-one-half\"><input type=\"text\" id=\"wpforms-350-field_0\" class=\"wpforms-field-name-first wpforms-field-required\" name=\"wpforms[fields][0][first]\" aria-errormessage=\"wpforms-350-field_0-error\" required><label for=\"wpforms-350-field_0\" class=\"wpforms-field-sublabel after\">Vorname<\/label><\/div><div class=\"wpforms-field-row-block wpforms-one-half\"><input type=\"text\" id=\"wpforms-350-field_0-last\" class=\"wpforms-field-name-last wpforms-field-required\" name=\"wpforms[fields][0][last]\" aria-errormessage=\"wpforms-350-field_0-last-error\" required><label for=\"wpforms-350-field_0-last\" class=\"wpforms-field-sublabel after\">Nachname<\/label><\/div><\/div><\/fieldset><\/div><div id=\"wpforms-350-field_1-container\" class=\"wpforms-field wpforms-field-email\" data-field-id=\"1\"><label class=\"wpforms-field-label\" for=\"wpforms-350-field_1\">E-Mail <span class=\"wpforms-required-label\" aria-hidden=\"true\">*<\/span><\/label><input type=\"email\" id=\"wpforms-350-field_1\" class=\"wpforms-field-medium wpforms-field-required\" name=\"wpforms[fields][1]\" spellcheck=\"false\" aria-errormessage=\"wpforms-350-field_1-error\" required><\/div><div id=\"wpforms-350-field_4-container\" class=\"wpforms-field wpforms-field-checkbox\" data-field-id=\"4\"><fieldset><legend class=\"wpforms-field-label\">Ich habe Interesse an: <span class=\"wpforms-required-label\" aria-hidden=\"true\">*<\/span><\/legend><ul id=\"wpforms-350-field_4\" class=\"wpforms-field-required\"><li class=\"choice-1 depth-1\"><input type=\"checkbox\" id=\"wpforms-350-field_4_1\" name=\"wpforms[fields][4][]\" value=\"Agility Einsteigerkurs\" aria-errormessage=\"wpforms-350-field_4_1-error\" required ><label class=\"wpforms-field-label-inline\" for=\"wpforms-350-field_4_1\">Agility Einsteigerkurs<\/label><\/li><li class=\"choice-2 depth-1\"><input type=\"checkbox\" id=\"wpforms-350-field_4_2\" name=\"wpforms[fields][4][]\" value=\"Agility Training Small\/Medium\" aria-errormessage=\"wpforms-350-field_4_2-error\" required ><label class=\"wpforms-field-label-inline\" for=\"wpforms-350-field_4_2\">Agility Training Small\/Medium<\/label><\/li><li class=\"choice-3 depth-1\"><input type=\"checkbox\" id=\"wpforms-350-field_4_3\" name=\"wpforms[fields][4][]\" value=\"Agility Training Intermediate\" aria-errormessage=\"wpforms-350-field_4_3-error\" required ><label class=\"wpforms-field-label-inline\" for=\"wpforms-350-field_4_3\">Agility Training Intermediate<\/label><\/li><li class=\"choice-4 depth-1\"><input type=\"checkbox\" id=\"wpforms-350-field_4_4\" name=\"wpforms[fields][4][]\" value=\"Agility Training Large\" aria-errormessage=\"wpforms-350-field_4_4-error\" required ><label class=\"wpforms-field-label-inline\" for=\"wpforms-350-field_4_4\">Agility Training Large<\/label><\/li><li class=\"choice-5 depth-1\"><input type=\"checkbox\" id=\"wpforms-350-field_4_5\" name=\"wpforms[fields][4][]\" value=\"andere Frage zu Agility\" aria-errormessage=\"wpforms-350-field_4_5-error\" required ><label class=\"wpforms-field-label-inline\" for=\"wpforms-350-field_4_5\">andere Frage zu Agility<\/label><\/li><\/ul><\/fieldset><\/div><div id=\"wpforms-350-field_2-container\" class=\"wpforms-field wpforms-field-textarea\" data-field-id=\"2\"><label class=\"wpforms-field-label\" for=\"wpforms-350-field_2\">Kommentar oder Nachricht<\/label><textarea id=\"wpforms-350-field_2\" class=\"wpforms-field-medium\" name=\"wpforms[fields][2]\" aria-errormessage=\"wpforms-350-field_2-error\" ><\/textarea><\/div><\/div><!-- .wpforms-field-container --><div class=\"wpforms-recaptcha-container wpforms-is-recaptcha wpforms-is-recaptcha-type-v3\" ><input type=\"hidden\" name=\"wpforms[recaptcha]\" value=\"\"><\/div><div class=\"wpforms-submit-container\" ><input type=\"hidden\" name=\"wpforms[id]\" value=\"350\"><input type=\"hidden\" name=\"page_title\" value=\"\"><input type=\"hidden\" name=\"page_url\" value=\"https:\/\/kvwengi.ch\/neueWebpage\/wp-json\/wp\/v2\/pages\/38\"><input type=\"hidden\" name=\"url_referer\" value=\"\"><button type=\"submit\" name=\"wpforms[submit]\" id=\"wpforms-submit-350\" class=\"wpforms-submit\" data-alt-text=\"Senden\u2026\" data-submit-text=\"Absenden\" aria-live=\"assertive\" value=\"wpforms-submit\">Absenden<\/button><img loading=\"lazy\" decoding=\"async\" src=\"https:\/\/kvwengi.ch\/neueWebpage\/wp-content\/plugins\/wpforms-lite\/assets\/images\/submit-spin.svg\" class=\"wpforms-submit-spinner\" style=\"display: none;\" width=\"26\" height=\"26\" alt=\"Wird geladen\"><\/div><\/form><\/div>  <!-- .wpforms-container -->\n\n\n<h3 class=\"wp-block-heading\">Agility News<\/h3>\n\n\n<ul class=\"wp-block-latest-posts__list is-grid columns-3 wp-block-latest-posts\"><li><div class=\"wp-block-latest-posts__featured-image\"><img loading=\"lazy\" decoding=\"async\" width=\"150\" height=\"150\" src=\"https:\/\/kvwengi.ch\/neueWebpage\/wp-content\/uploads\/2025\/02\/Bildschirmfoto-2025-02-16-um-22.03.56-150x150.png\" class=\"attachment-thumbnail size-thumbnail wp-post-image\" alt=\"\" style=\"\" \/><\/div><a class=\"wp-block-latest-posts__post-title\" href=\"https:\/\/kvwengi.ch\/neueWebpage\/agility-anfaenger-kurs\/\">Agility-Anf\u00e4nger-Kurs, Start April 2026<\/a><\/li>\n<li><div class=\"wp-block-latest-posts__featured-image\"><img loading=\"lazy\" decoding=\"async\" width=\"150\" height=\"150\" src=\"https:\/\/kvwengi.ch\/neueWebpage\/wp-content\/uploads\/2025\/04\/Bildschirmfoto-2025-04-24-um-11.53.19-150x150.png\" class=\"attachment-thumbnail size-thumbnail wp-post-image\" alt=\"\" style=\"\" \/><\/div><a class=\"wp-block-latest-posts__post-title\" href=\"https:\/\/kvwengi.ch\/neueWebpage\/agility-plauschwettkampf-sonntag-31-august-2025\/\">Agility Plauschwettkampf, Sonntag 31.\u00a0August 2025<\/a><\/li>\n<li><div class=\"wp-block-latest-posts__featured-image\"><img loading=\"lazy\" decoding=\"async\" width=\"150\" height=\"150\" src=\"https:\/\/kvwengi.ch\/neueWebpage\/wp-content\/uploads\/2025\/02\/Plauschparcours-150x150.png\" class=\"attachment-thumbnail size-thumbnail wp-post-image\" alt=\"\" style=\"\" \/><\/div><a class=\"wp-block-latest-posts__post-title\" href=\"https:\/\/kvwengi.ch\/neueWebpage\/plauschparcours\/\">Jubil\u00e4ums-Plauschparcours (Military), Samstag, 24. Mai 2025 -Rangliste<\/a><\/li>\n<\/ul>","protected":false},"excerpt":{"rendered":"<p>Agility Im Agility f\u00fchrt der Hundehalter den Hund m\u00f6glichst schnell und fehlerfrei durch einen Hindernis-Parcours. Dieser beinhaltet Spr\u00fcnge, Tunnel, Wand, Wippe, Steg und verschiedene Wendungen. Einstieg Um mit dem Agility-Training zu beginnen, ist der Agility-Aufbaukurs der richtige Start. Diese werden ein bis zweimal j\u00e4hrlich angeboten. Kategorien Die Hunde werden aufgrund ihrer Wiederristh\u00f6he in folgende vier [&hellip;]<\/p>\n","protected":false},"author":1,"featured_media":0,"parent":53,"menu_order":0,"comment_status":"closed","ping_status":"closed","template":"templates\/fullwidth.php","meta":{"footnotes":""},"class_list":["post-38","page","type-page","status-publish","hentry"],"yoast_head":"<!-- This site is optimized with the Yoast SEO plugin v27.4 - https:\/\/yoast.com\/product\/yoast-seo-wordpress\/ -->\n<title>Agility - KV Wengi<\/title>\n<meta name=\"robots\" content=\"index, follow, max-snippet:-1, max-image-preview:large, max-video-preview:-1\" \/>\n<link rel=\"canonical\" href=\"https:\/\/kvwengi.ch\/neueWebpage\/sportsparten\/agility\/\" \/>\n<meta property=\"og:locale\" content=\"de_DE\" \/>\n<meta property=\"og:type\" content=\"article\" \/>\n<meta property=\"og:title\" content=\"Agility - KV Wengi\" \/>\n<meta property=\"og:description\" content=\"Agility Im Agility f\u00fchrt der Hundehalter den Hund m\u00f6glichst schnell und fehlerfrei durch einen Hindernis-Parcours. Dieser beinhaltet Spr\u00fcnge, Tunnel, Wand, Wippe, Steg und verschiedene Wendungen. Einstieg Um mit dem Agility-Training zu beginnen, ist der Agility-Aufbaukurs der richtige Start. Diese werden ein bis zweimal j\u00e4hrlich angeboten. Kategorien Die Hunde werden aufgrund ihrer Wiederristh\u00f6he in folgende vier [&hellip;]\" \/>\n<meta property=\"og:url\" content=\"https:\/\/kvwengi.ch\/neueWebpage\/sportsparten\/agility\/\" \/>\n<meta property=\"og:site_name\" content=\"KV Wengi\" \/>\n<meta property=\"article:publisher\" content=\"https:\/\/facebook.com\/kvwengi\" \/>\n<meta property=\"article:modified_time\" content=\"2023-07-01T20:30:26+00:00\" \/>\n<meta name=\"twitter:card\" content=\"summary_large_image\" \/>\n<meta name=\"twitter:label1\" content=\"Gesch\u00e4tzte Lesezeit\" \/>\n\t<meta name=\"twitter:data1\" content=\"1\u00a0Minute\" \/>\n<script type=\"application\/ld+json\" class=\"yoast-schema-graph\">{\"@context\":\"https:\\\/\\\/schema.org\",\"@graph\":[{\"@type\":\"WebPage\",\"@id\":\"https:\\\/\\\/kvwengi.ch\\\/neueWebpage\\\/sportsparten\\\/agility\\\/\",\"url\":\"https:\\\/\\\/kvwengi.ch\\\/neueWebpage\\\/sportsparten\\\/agility\\\/\",\"name\":\"Agility - KV Wengi\",\"isPartOf\":{\"@id\":\"https:\\\/\\\/kvwengi.ch\\\/neueWebpage\\\/#website\"},\"datePublished\":\"2023-02-03T09:22:28+00:00\",\"dateModified\":\"2023-07-01T20:30:26+00:00\",\"breadcrumb\":{\"@id\":\"https:\\\/\\\/kvwengi.ch\\\/neueWebpage\\\/sportsparten\\\/agility\\\/#breadcrumb\"},\"inLanguage\":\"de\",\"potentialAction\":[{\"@type\":\"ReadAction\",\"target\":[\"https:\\\/\\\/kvwengi.ch\\\/neueWebpage\\\/sportsparten\\\/agility\\\/\"]}]},{\"@type\":\"BreadcrumbList\",\"@id\":\"https:\\\/\\\/kvwengi.ch\\\/neueWebpage\\\/sportsparten\\\/agility\\\/#breadcrumb\",\"itemListElement\":[{\"@type\":\"ListItem\",\"position\":1,\"name\":\"Startseite\",\"item\":\"https:\\\/\\\/kvwengi.ch\\\/neueWebpage\\\/\"},{\"@type\":\"ListItem\",\"position\":2,\"name\":\"Sportsparten\",\"item\":\"https:\\\/\\\/kvwengi.ch\\\/neueWebpage\\\/sportsparten\\\/\"},{\"@type\":\"ListItem\",\"position\":3,\"name\":\"Agility\"}]},{\"@type\":\"WebSite\",\"@id\":\"https:\\\/\\\/kvwengi.ch\\\/neueWebpage\\\/#website\",\"url\":\"https:\\\/\\\/kvwengi.ch\\\/neueWebpage\\\/\",\"name\":\"KV Wengi\",\"description\":\"KYNOLOGISCHER VEREIN WENGI SOLOTHURN UND UMGEBUNG\",\"publisher\":{\"@id\":\"https:\\\/\\\/kvwengi.ch\\\/neueWebpage\\\/#organization\"},\"potentialAction\":[{\"@type\":\"SearchAction\",\"target\":{\"@type\":\"EntryPoint\",\"urlTemplate\":\"https:\\\/\\\/kvwengi.ch\\\/neueWebpage\\\/?s={search_term_string}\"},\"query-input\":{\"@type\":\"PropertyValueSpecification\",\"valueRequired\":true,\"valueName\":\"search_term_string\"}}],\"inLanguage\":\"de\"},{\"@type\":\"Organization\",\"@id\":\"https:\\\/\\\/kvwengi.ch\\\/neueWebpage\\\/#organization\",\"name\":\"KV Wengi\",\"url\":\"https:\\\/\\\/kvwengi.ch\\\/neueWebpage\\\/\",\"logo\":{\"@type\":\"ImageObject\",\"inLanguage\":\"de\",\"@id\":\"https:\\\/\\\/kvwengi.ch\\\/neueWebpage\\\/#\\\/schema\\\/logo\\\/image\\\/\",\"url\":\"https:\\\/\\\/kvwengi.ch\\\/neueWebpage\\\/wp-content\\\/uploads\\\/2026\\\/03\\\/cropped-Original_Wengi-2025_klein-e1774172228317.png\",\"contentUrl\":\"https:\\\/\\\/kvwengi.ch\\\/neueWebpage\\\/wp-content\\\/uploads\\\/2026\\\/03\\\/cropped-Original_Wengi-2025_klein-e1774172228317.png\",\"width\":250,\"height\":213,\"caption\":\"KV Wengi\"},\"image\":{\"@id\":\"https:\\\/\\\/kvwengi.ch\\\/neueWebpage\\\/#\\\/schema\\\/logo\\\/image\\\/\"},\"sameAs\":[\"https:\\\/\\\/facebook.com\\\/kvwengi\"]}]}<\/script>\n<!-- \/ Yoast SEO plugin. -->","yoast_head_json":{"title":"Agility - KV Wengi","robots":{"index":"index","follow":"follow","max-snippet":"max-snippet:-1","max-image-preview":"max-image-preview:large","max-video-preview":"max-video-preview:-1"},"canonical":"https:\/\/kvwengi.ch\/neueWebpage\/sportsparten\/agility\/","og_locale":"de_DE","og_type":"article","og_title":"Agility - KV Wengi","og_description":"Agility Im Agility f\u00fchrt der Hundehalter den Hund m\u00f6glichst schnell und fehlerfrei durch einen Hindernis-Parcours. Dieser beinhaltet Spr\u00fcnge, Tunnel, Wand, Wippe, Steg und verschiedene Wendungen. Einstieg Um mit dem Agility-Training zu beginnen, ist der Agility-Aufbaukurs der richtige Start. Diese werden ein bis zweimal j\u00e4hrlich angeboten. Kategorien Die Hunde werden aufgrund ihrer Wiederristh\u00f6he in folgende vier [&hellip;]","og_url":"https:\/\/kvwengi.ch\/neueWebpage\/sportsparten\/agility\/","og_site_name":"KV Wengi","article_publisher":"https:\/\/facebook.com\/kvwengi","article_modified_time":"2023-07-01T20:30:26+00:00","twitter_card":"summary_large_image","twitter_misc":{"Gesch\u00e4tzte Lesezeit":"1\u00a0Minute"},"schema":{"@context":"https:\/\/schema.org","@graph":[{"@type":"WebPage","@id":"https:\/\/kvwengi.ch\/neueWebpage\/sportsparten\/agility\/","url":"https:\/\/kvwengi.ch\/neueWebpage\/sportsparten\/agility\/","name":"Agility - KV Wengi","isPartOf":{"@id":"https:\/\/kvwengi.ch\/neueWebpage\/#website"},"datePublished":"2023-02-03T09:22:28+00:00","dateModified":"2023-07-01T20:30:26+00:00","breadcrumb":{"@id":"https:\/\/kvwengi.ch\/neueWebpage\/sportsparten\/agility\/#breadcrumb"},"inLanguage":"de","potentialAction":[{"@type":"ReadAction","target":["https:\/\/kvwengi.ch\/neueWebpage\/sportsparten\/agility\/"]}]},{"@type":"BreadcrumbList","@id":"https:\/\/kvwengi.ch\/neueWebpage\/sportsparten\/agility\/#breadcrumb","itemListElement":[{"@type":"ListItem","position":1,"name":"Startseite","item":"https:\/\/kvwengi.ch\/neueWebpage\/"},{"@type":"ListItem","position":2,"name":"Sportsparten","item":"https:\/\/kvwengi.ch\/neueWebpage\/sportsparten\/"},{"@type":"ListItem","position":3,"name":"Agility"}]},{"@type":"WebSite","@id":"https:\/\/kvwengi.ch\/neueWebpage\/#website","url":"https:\/\/kvwengi.ch\/neueWebpage\/","name":"KV Wengi","description":"KYNOLOGISCHER VEREIN WENGI SOLOTHURN UND UMGEBUNG","publisher":{"@id":"https:\/\/kvwengi.ch\/neueWebpage\/#organization"},"potentialAction":[{"@type":"SearchAction","target":{"@type":"EntryPoint","urlTemplate":"https:\/\/kvwengi.ch\/neueWebpage\/?s={search_term_string}"},"query-input":{"@type":"PropertyValueSpecification","valueRequired":true,"valueName":"search_term_string"}}],"inLanguage":"de"},{"@type":"Organization","@id":"https:\/\/kvwengi.ch\/neueWebpage\/#organization","name":"KV Wengi","url":"https:\/\/kvwengi.ch\/neueWebpage\/","logo":{"@type":"ImageObject","inLanguage":"de","@id":"https:\/\/kvwengi.ch\/neueWebpage\/#\/schema\/logo\/image\/","url":"https:\/\/kvwengi.ch\/neueWebpage\/wp-content\/uploads\/2026\/03\/cropped-Original_Wengi-2025_klein-e1774172228317.png","contentUrl":"https:\/\/kvwengi.ch\/neueWebpage\/wp-content\/uploads\/2026\/03\/cropped-Original_Wengi-2025_klein-e1774172228317.png","width":250,"height":213,"caption":"KV Wengi"},"image":{"@id":"https:\/\/kvwengi.ch\/neueWebpage\/#\/schema\/logo\/image\/"},"sameAs":["https:\/\/facebook.com\/kvwengi"]}]}},"_links":{"self":[{"href":"https:\/\/kvwengi.ch\/neueWebpage\/wp-json\/wp\/v2\/pages\/38","targetHints":{"allow":["GET"]}}],"collection":[{"href":"https:\/\/kvwengi.ch\/neueWebpage\/wp-json\/wp\/v2\/pages"}],"about":[{"href":"https:\/\/kvwengi.ch\/neueWebpage\/wp-json\/wp\/v2\/types\/page"}],"author":[{"embeddable":true,"href":"https:\/\/kvwengi.ch\/neueWebpage\/wp-json\/wp\/v2\/users\/1"}],"replies":[{"embeddable":true,"href":"https:\/\/kvwengi.ch\/neueWebpage\/wp-json\/wp\/v2\/comments?post=38"}],"version-history":[{"count":23,"href":"https:\/\/kvwengi.ch\/neueWebpage\/wp-json\/wp\/v2\/pages\/38\/revisions"}],"predecessor-version":[{"id":688,"href":"https:\/\/kvwengi.ch\/neueWebpage\/wp-json\/wp\/v2\/pages\/38\/revisions\/688"}],"up":[{"embeddable":true,"href":"https:\/\/kvwengi.ch\/neueWebpage\/wp-json\/wp\/v2\/pages\/53"}],"wp:attachment":[{"href":"https:\/\/kvwengi.ch\/neueWebpage\/wp-json\/wp\/v2\/media?parent=38"}],"curies":[{"name":"wp","href":"https:\/\/api.w.org\/{rel}","templated":true}]}}