{"id":42,"date":"2023-02-03T09:22:59","date_gmt":"2023-02-03T09:22:59","guid":{"rendered":"https:\/\/kvwengi.ch\/neueWebpage\/neueWebpage\/?page_id=42"},"modified":"2023-07-01T20:32:24","modified_gmt":"2023-07-01T20:32:24","slug":"jugend-und-hund","status":"publish","type":"page","link":"https:\/\/kvwengi.ch\/neueWebpage\/sportsparten\/jugend-und-hund\/","title":{"rendered":"Jugend und Hund"},"content":{"rendered":"\n<h2 class=\"wp-block-heading\">Jugend und Hund<\/h2>\n\n\n\n<p class=\"has-medium-font-size\">Bietet Kindern ab 8 Jahren und Jugendlichen einen artgerechten, liebevollen und geduldigen Umgang mit ihrem Hund. In abwechslungsreichen Trainings mit ihrem Vierbeiner werden die Kids mit den wichtigsten Erziehungsregeln und dem Hundesport: Agility, Junior Handling, Canin Cross, Rule etc. vertraut gemacht. Mit Spiel und Spass erweitern sie ihr eigenes Wissen \u00fcber den Hund. An erster Stelle steht&nbsp;die Freude und der Plausch der Juhu-Teams.<\/p>\n\n\n\n<h3 class=\"wp-block-heading\">Trainingszeiten<\/h3>\n\n\n\n<p class=\"has-medium-font-size\">Die Trainings finden am Samstagnachmittag gem\u00e4ss Trainingsplan statt.<\/p>\n\n\n\n<h3 class=\"wp-block-heading\">Voraussetzung<\/h3>\n\n\n\n<p class=\"has-medium-font-size\">Der Hund ist mindestens 16 Monate alt und das Kind kann seinen Hund\u00a0kr\u00e4ftem\u00e4ssig unter Kontrolle haben. Der Hund ist gegen\u00fcber Menschen und Hunden gut sozialisiert. Eine Schnupperstunde ist gratis. Melde dich aber auf jeden Fall vorher \u00fcber das Formular an.<\/p>\n\n\n<div class=\"wp-block-image\">\n<figure class=\"aligncenter size-full\"><img loading=\"lazy\" decoding=\"async\" width=\"459\" height=\"305\" src=\"https:\/\/kvwengi.ch\/neueWebpage\/wp-content\/uploads\/2023\/04\/Bild1.jpg\" alt=\"\" class=\"wp-image-308\" srcset=\"https:\/\/kvwengi.ch\/neueWebpage\/wp-content\/uploads\/2023\/04\/Bild1.jpg 459w, https:\/\/kvwengi.ch\/neueWebpage\/wp-content\/uploads\/2023\/04\/Bild1-300x199.jpg 300w\" sizes=\"auto, (max-width: 459px) 100vw, 459px\" \/><figcaption class=\"wp-element-caption\">  <\/figcaption><\/figure>\n<\/div>\n\n\n<h3 class=\"wp-block-heading\">Kontakt Jugend und Hund<\/h3>\n\n\n<style id=\"wpforms-css-vars-355-block-d953de35-89be-4d4b-9b0e-9d20dff6bd3d\">\n\t\t\t\t#wpforms-355.wpforms-block-d953de35-89be-4d4b-9b0e-9d20dff6bd3d {\n\t\t\t\t--wpforms-field-size-input-height: 31px;\n--wpforms-field-size-input-spacing: 10px;\n--wpforms-field-size-font-size: 14px;\n--wpforms-field-size-line-height: 17px;\n--wpforms-field-size-padding-h: 9px;\n--wpforms-field-size-checkbox-size: 14px;\n--wpforms-field-size-sublabel-spacing: 5px;\n--wpforms-field-size-icon-size: 0.75;\n--wpforms-label-size-font-size: 14px;\n--wpforms-label-size-line-height: 17px;\n--wpforms-label-size-sublabel-font-size: 13px;\n--wpforms-label-size-sublabel-line-height: 16px;\n\t\t\t}\n\t\t\t<\/style><div class=\"wpforms-container wpforms-container-full wpforms-block wpforms-block-d953de35-89be-4d4b-9b0e-9d20dff6bd3d wpforms-render-modern\" id=\"wpforms-355\"><form id=\"wpforms-form-355\" class=\"wpforms-validate wpforms-form wpforms-ajax-form\" data-formid=\"355\" method=\"post\" enctype=\"multipart\/form-data\" action=\"\/neueWebpage\/wp-json\/wp\/v2\/pages\/42\" data-token=\"7257e718e50d2f8def8aa32831eec9c6\" data-token-time=\"1776853611\"><noscript class=\"wpforms-error-noscript\">Bitte aktiviere JavaScript in deinem Browser, um dieses Formular fertigzustellen.<\/noscript><div id=\"wpforms-error-noscript\" style=\"display: none;\">Bitte aktiviere JavaScript in deinem Browser, um dieses Formular fertigzustellen.<\/div><div class=\"wpforms-field-container\"><div id=\"wpforms-355-field_0-container\" class=\"wpforms-field wpforms-field-name\" data-field-id=\"0\"><fieldset><legend class=\"wpforms-field-label\">Name <span class=\"wpforms-required-label\" aria-hidden=\"true\">*<\/span><\/legend><div class=\"wpforms-field-row wpforms-field-medium\"><div class=\"wpforms-field-row-block wpforms-first wpforms-one-half\"><input type=\"text\" id=\"wpforms-355-field_0\" class=\"wpforms-field-name-first wpforms-field-required\" name=\"wpforms[fields][0][first]\" aria-errormessage=\"wpforms-355-field_0-error\" required><label for=\"wpforms-355-field_0\" class=\"wpforms-field-sublabel after\">Vorname<\/label><\/div><div class=\"wpforms-field-row-block wpforms-one-half\"><input type=\"text\" id=\"wpforms-355-field_0-last\" class=\"wpforms-field-name-last wpforms-field-required\" name=\"wpforms[fields][0][last]\" aria-errormessage=\"wpforms-355-field_0-last-error\" required><label for=\"wpforms-355-field_0-last\" class=\"wpforms-field-sublabel after\">Nachname<\/label><\/div><\/div><\/fieldset><\/div><div id=\"wpforms-355-field_1-container\" class=\"wpforms-field wpforms-field-email\" data-field-id=\"1\"><label class=\"wpforms-field-label\" for=\"wpforms-355-field_1\">E-Mail <span class=\"wpforms-required-label\" aria-hidden=\"true\">*<\/span><\/label><input type=\"email\" id=\"wpforms-355-field_1\" class=\"wpforms-field-medium wpforms-field-required\" name=\"wpforms[fields][1]\" spellcheck=\"false\" aria-errormessage=\"wpforms-355-field_1-error\" required><\/div><div id=\"wpforms-355-field_2-container\" class=\"wpforms-field wpforms-field-textarea\" data-field-id=\"2\"><label class=\"wpforms-field-label\" for=\"wpforms-355-field_2\">Kommentar oder Nachricht<\/label><textarea id=\"wpforms-355-field_2\" class=\"wpforms-field-medium\" name=\"wpforms[fields][2]\" aria-errormessage=\"wpforms-355-field_2-error\" ><\/textarea><\/div><\/div><!-- .wpforms-field-container --><div class=\"wpforms-recaptcha-container wpforms-is-recaptcha wpforms-is-recaptcha-type-v3\" ><input type=\"hidden\" name=\"wpforms[recaptcha]\" value=\"\"><\/div><div class=\"wpforms-submit-container\" ><input type=\"hidden\" name=\"wpforms[id]\" value=\"355\"><input type=\"hidden\" name=\"page_title\" value=\"\"><input type=\"hidden\" name=\"page_url\" value=\"https:\/\/kvwengi.ch\/neueWebpage\/wp-json\/wp\/v2\/pages\/42\"><input type=\"hidden\" name=\"url_referer\" value=\"\"><button type=\"submit\" name=\"wpforms[submit]\" id=\"wpforms-submit-355\" class=\"wpforms-submit\" data-alt-text=\"Senden\u2026\" data-submit-text=\"Absenden\" aria-live=\"assertive\" value=\"wpforms-submit\">Absenden<\/button><img loading=\"lazy\" decoding=\"async\" src=\"https:\/\/kvwengi.ch\/neueWebpage\/wp-content\/plugins\/wpforms-lite\/assets\/images\/submit-spin.svg\" class=\"wpforms-submit-spinner\" style=\"display: none;\" width=\"26\" height=\"26\" alt=\"Wird geladen\"><\/div><\/form><\/div>  <!-- .wpforms-container -->\n\n\n<h3 class=\"wp-block-heading\">Jugend und Hund News<\/h3>\n\n\n<ul class=\"wp-block-latest-posts__list wp-block-latest-posts\"><li><div class=\"wp-block-latest-posts__featured-image\"><img loading=\"lazy\" decoding=\"async\" width=\"150\" height=\"150\" src=\"https:\/\/kvwengi.ch\/neueWebpage\/wp-content\/uploads\/2025\/03\/Rule-150x150.png\" class=\"attachment-thumbnail size-thumbnail wp-post-image\" alt=\"\" style=\"\" \/><\/div><a class=\"wp-block-latest-posts__post-title\" href=\"https:\/\/kvwengi.ch\/neueWebpage\/rule-pruefung-jugend-und-hund-sonntag-15-juni-2025\/\">Rule-Pr\u00fcfung (Jugend und Hund), Sonntag, 15. Juni 2025<\/a><\/li>\n<li><div class=\"wp-block-latest-posts__featured-image\"><img loading=\"lazy\" decoding=\"async\" width=\"150\" height=\"150\" src=\"https:\/\/kvwengi.ch\/neueWebpage\/wp-content\/uploads\/2025\/02\/Plauschparcours-150x150.png\" class=\"attachment-thumbnail size-thumbnail wp-post-image\" alt=\"\" style=\"\" \/><\/div><a class=\"wp-block-latest-posts__post-title\" href=\"https:\/\/kvwengi.ch\/neueWebpage\/plauschparcours\/\">Jubil\u00e4ums-Plauschparcours (Military), Samstag, 24. Mai 2025 -Rangliste<\/a><\/li>\n<li><div class=\"wp-block-latest-posts__featured-image\"><img loading=\"lazy\" decoding=\"async\" width=\"150\" height=\"150\" src=\"https:\/\/kvwengi.ch\/neueWebpage\/wp-content\/uploads\/2024\/10\/Bildschirmfoto-2024-10-16-um-16.43.33-150x150.png\" class=\"attachment-thumbnail size-thumbnail wp-post-image\" alt=\"\" style=\"\" \/><\/div><a class=\"wp-block-latest-posts__post-title\" href=\"https:\/\/kvwengi.ch\/neueWebpage\/viel-glueck-an-der-rule-sm\/\">Viel Gl\u00fcck an der Rule SM<\/a><\/li>\n<li><div class=\"wp-block-latest-posts__featured-image\"><img loading=\"lazy\" decoding=\"async\" width=\"150\" height=\"150\" src=\"https:\/\/kvwengi.ch\/neueWebpage\/wp-content\/uploads\/2024\/05\/Bildschirmfoto-2024-05-12-um-20.37.35-150x150.png\" class=\"attachment-thumbnail size-thumbnail wp-post-image\" alt=\"\" style=\"\" \/><\/div><a class=\"wp-block-latest-posts__post-title\" href=\"https:\/\/kvwengi.ch\/neueWebpage\/fotos\/\">Fotos<\/a><\/li>\n<li><div class=\"wp-block-latest-posts__featured-image\"><img loading=\"lazy\" decoding=\"async\" width=\"150\" height=\"150\" src=\"https:\/\/kvwengi.ch\/neueWebpage\/wp-content\/uploads\/2024\/02\/Facebook_Header_Eventpage_2024_DE-150x150.jpg\" class=\"attachment-thumbnail size-thumbnail wp-post-image\" alt=\"\" style=\"\" \/><\/div><a class=\"wp-block-latest-posts__post-title\" href=\"https:\/\/kvwengi.ch\/neueWebpage\/tag-des-hundes\/\">Tag des Hundes, Samstag, 11. Mai 2024<\/a><\/li>\n<\/ul>","protected":false},"excerpt":{"rendered":"<p>Jugend und Hund Bietet Kindern ab 8 Jahren und Jugendlichen einen artgerechten, liebevollen und geduldigen Umgang mit ihrem Hund. In abwechslungsreichen Trainings mit ihrem Vierbeiner werden die Kids mit den wichtigsten Erziehungsregeln und dem Hundesport: Agility, Junior Handling, Canin Cross, Rule etc. vertraut gemacht. Mit Spiel und Spass erweitern sie ihr eigenes Wissen \u00fcber den [&hellip;]<\/p>\n","protected":false},"author":1,"featured_media":0,"parent":53,"menu_order":0,"comment_status":"closed","ping_status":"closed","template":"templates\/fullwidth.php","meta":{"footnotes":""},"class_list":["post-42","page","type-page","status-publish","hentry"],"yoast_head":"<!-- This site is optimized with the Yoast SEO plugin v27.4 - https:\/\/yoast.com\/product\/yoast-seo-wordpress\/ -->\n<title>Jugend und Hund - KV Wengi<\/title>\n<meta name=\"robots\" content=\"index, follow, max-snippet:-1, max-image-preview:large, max-video-preview:-1\" \/>\n<link rel=\"canonical\" href=\"https:\/\/kvwengi.ch\/neueWebpage\/sportsparten\/jugend-und-hund\/\" \/>\n<meta property=\"og:locale\" content=\"de_DE\" \/>\n<meta property=\"og:type\" content=\"article\" \/>\n<meta property=\"og:title\" content=\"Jugend und Hund - KV Wengi\" \/>\n<meta property=\"og:description\" content=\"Jugend und Hund Bietet Kindern ab 8 Jahren und Jugendlichen einen artgerechten, liebevollen und geduldigen Umgang mit ihrem Hund. In abwechslungsreichen Trainings mit ihrem Vierbeiner werden die Kids mit den wichtigsten Erziehungsregeln und dem Hundesport: Agility, Junior Handling, Canin Cross, Rule etc. vertraut gemacht. Mit Spiel und Spass erweitern sie ihr eigenes Wissen \u00fcber den [&hellip;]\" \/>\n<meta property=\"og:url\" content=\"https:\/\/kvwengi.ch\/neueWebpage\/sportsparten\/jugend-und-hund\/\" \/>\n<meta property=\"og:site_name\" content=\"KV Wengi\" \/>\n<meta property=\"article:publisher\" content=\"https:\/\/facebook.com\/kvwengi\" \/>\n<meta property=\"article:modified_time\" content=\"2023-07-01T20:32:24+00:00\" \/>\n<meta property=\"og:image\" content=\"https:\/\/kvwengi.ch\/neueWebpage\/wp-content\/uploads\/2023\/04\/Bild1.jpg\" \/>\n<meta name=\"twitter:card\" content=\"summary_large_image\" \/>\n<meta name=\"twitter:label1\" content=\"Gesch\u00e4tzte Lesezeit\" \/>\n\t<meta name=\"twitter:data1\" content=\"1\u00a0Minute\" \/>\n<script type=\"application\/ld+json\" class=\"yoast-schema-graph\">{\"@context\":\"https:\\\/\\\/schema.org\",\"@graph\":[{\"@type\":\"WebPage\",\"@id\":\"https:\\\/\\\/kvwengi.ch\\\/neueWebpage\\\/sportsparten\\\/jugend-und-hund\\\/\",\"url\":\"https:\\\/\\\/kvwengi.ch\\\/neueWebpage\\\/sportsparten\\\/jugend-und-hund\\\/\",\"name\":\"Jugend und Hund - KV Wengi\",\"isPartOf\":{\"@id\":\"https:\\\/\\\/kvwengi.ch\\\/neueWebpage\\\/#website\"},\"primaryImageOfPage\":{\"@id\":\"https:\\\/\\\/kvwengi.ch\\\/neueWebpage\\\/sportsparten\\\/jugend-und-hund\\\/#primaryimage\"},\"image\":{\"@id\":\"https:\\\/\\\/kvwengi.ch\\\/neueWebpage\\\/sportsparten\\\/jugend-und-hund\\\/#primaryimage\"},\"thumbnailUrl\":\"https:\\\/\\\/kvwengi.ch\\\/neueWebpage\\\/wp-content\\\/uploads\\\/2023\\\/04\\\/Bild1.jpg\",\"datePublished\":\"2023-02-03T09:22:59+00:00\",\"dateModified\":\"2023-07-01T20:32:24+00:00\",\"breadcrumb\":{\"@id\":\"https:\\\/\\\/kvwengi.ch\\\/neueWebpage\\\/sportsparten\\\/jugend-und-hund\\\/#breadcrumb\"},\"inLanguage\":\"de\",\"potentialAction\":[{\"@type\":\"ReadAction\",\"target\":[\"https:\\\/\\\/kvwengi.ch\\\/neueWebpage\\\/sportsparten\\\/jugend-und-hund\\\/\"]}]},{\"@type\":\"ImageObject\",\"inLanguage\":\"de\",\"@id\":\"https:\\\/\\\/kvwengi.ch\\\/neueWebpage\\\/sportsparten\\\/jugend-und-hund\\\/#primaryimage\",\"url\":\"https:\\\/\\\/kvwengi.ch\\\/neueWebpage\\\/wp-content\\\/uploads\\\/2023\\\/04\\\/Bild1.jpg\",\"contentUrl\":\"https:\\\/\\\/kvwengi.ch\\\/neueWebpage\\\/wp-content\\\/uploads\\\/2023\\\/04\\\/Bild1.jpg\",\"width\":459,\"height\":305},{\"@type\":\"BreadcrumbList\",\"@id\":\"https:\\\/\\\/kvwengi.ch\\\/neueWebpage\\\/sportsparten\\\/jugend-und-hund\\\/#breadcrumb\",\"itemListElement\":[{\"@type\":\"ListItem\",\"position\":1,\"name\":\"Startseite\",\"item\":\"https:\\\/\\\/kvwengi.ch\\\/neueWebpage\\\/\"},{\"@type\":\"ListItem\",\"position\":2,\"name\":\"Sportsparten\",\"item\":\"https:\\\/\\\/kvwengi.ch\\\/neueWebpage\\\/sportsparten\\\/\"},{\"@type\":\"ListItem\",\"position\":3,\"name\":\"Jugend und Hund\"}]},{\"@type\":\"WebSite\",\"@id\":\"https:\\\/\\\/kvwengi.ch\\\/neueWebpage\\\/#website\",\"url\":\"https:\\\/\\\/kvwengi.ch\\\/neueWebpage\\\/\",\"name\":\"KV Wengi\",\"description\":\"KYNOLOGISCHER VEREIN WENGI SOLOTHURN UND UMGEBUNG\",\"publisher\":{\"@id\":\"https:\\\/\\\/kvwengi.ch\\\/neueWebpage\\\/#organization\"},\"potentialAction\":[{\"@type\":\"SearchAction\",\"target\":{\"@type\":\"EntryPoint\",\"urlTemplate\":\"https:\\\/\\\/kvwengi.ch\\\/neueWebpage\\\/?s={search_term_string}\"},\"query-input\":{\"@type\":\"PropertyValueSpecification\",\"valueRequired\":true,\"valueName\":\"search_term_string\"}}],\"inLanguage\":\"de\"},{\"@type\":\"Organization\",\"@id\":\"https:\\\/\\\/kvwengi.ch\\\/neueWebpage\\\/#organization\",\"name\":\"KV Wengi\",\"url\":\"https:\\\/\\\/kvwengi.ch\\\/neueWebpage\\\/\",\"logo\":{\"@type\":\"ImageObject\",\"inLanguage\":\"de\",\"@id\":\"https:\\\/\\\/kvwengi.ch\\\/neueWebpage\\\/#\\\/schema\\\/logo\\\/image\\\/\",\"url\":\"https:\\\/\\\/kvwengi.ch\\\/neueWebpage\\\/wp-content\\\/uploads\\\/2026\\\/03\\\/cropped-Original_Wengi-2025_klein-e1774172228317.png\",\"contentUrl\":\"https:\\\/\\\/kvwengi.ch\\\/neueWebpage\\\/wp-content\\\/uploads\\\/2026\\\/03\\\/cropped-Original_Wengi-2025_klein-e1774172228317.png\",\"width\":250,\"height\":213,\"caption\":\"KV Wengi\"},\"image\":{\"@id\":\"https:\\\/\\\/kvwengi.ch\\\/neueWebpage\\\/#\\\/schema\\\/logo\\\/image\\\/\"},\"sameAs\":[\"https:\\\/\\\/facebook.com\\\/kvwengi\"]}]}<\/script>\n<!-- \/ Yoast SEO plugin. -->","yoast_head_json":{"title":"Jugend und Hund - KV Wengi","robots":{"index":"index","follow":"follow","max-snippet":"max-snippet:-1","max-image-preview":"max-image-preview:large","max-video-preview":"max-video-preview:-1"},"canonical":"https:\/\/kvwengi.ch\/neueWebpage\/sportsparten\/jugend-und-hund\/","og_locale":"de_DE","og_type":"article","og_title":"Jugend und Hund - KV Wengi","og_description":"Jugend und Hund Bietet Kindern ab 8 Jahren und Jugendlichen einen artgerechten, liebevollen und geduldigen Umgang mit ihrem Hund. In abwechslungsreichen Trainings mit ihrem Vierbeiner werden die Kids mit den wichtigsten Erziehungsregeln und dem Hundesport: Agility, Junior Handling, Canin Cross, Rule etc. vertraut gemacht. Mit Spiel und Spass erweitern sie ihr eigenes Wissen \u00fcber den [&hellip;]","og_url":"https:\/\/kvwengi.ch\/neueWebpage\/sportsparten\/jugend-und-hund\/","og_site_name":"KV Wengi","article_publisher":"https:\/\/facebook.com\/kvwengi","article_modified_time":"2023-07-01T20:32:24+00:00","og_image":[{"url":"https:\/\/kvwengi.ch\/neueWebpage\/wp-content\/uploads\/2023\/04\/Bild1.jpg","type":"","width":"","height":""}],"twitter_card":"summary_large_image","twitter_misc":{"Gesch\u00e4tzte Lesezeit":"1\u00a0Minute"},"schema":{"@context":"https:\/\/schema.org","@graph":[{"@type":"WebPage","@id":"https:\/\/kvwengi.ch\/neueWebpage\/sportsparten\/jugend-und-hund\/","url":"https:\/\/kvwengi.ch\/neueWebpage\/sportsparten\/jugend-und-hund\/","name":"Jugend und Hund - KV Wengi","isPartOf":{"@id":"https:\/\/kvwengi.ch\/neueWebpage\/#website"},"primaryImageOfPage":{"@id":"https:\/\/kvwengi.ch\/neueWebpage\/sportsparten\/jugend-und-hund\/#primaryimage"},"image":{"@id":"https:\/\/kvwengi.ch\/neueWebpage\/sportsparten\/jugend-und-hund\/#primaryimage"},"thumbnailUrl":"https:\/\/kvwengi.ch\/neueWebpage\/wp-content\/uploads\/2023\/04\/Bild1.jpg","datePublished":"2023-02-03T09:22:59+00:00","dateModified":"2023-07-01T20:32:24+00:00","breadcrumb":{"@id":"https:\/\/kvwengi.ch\/neueWebpage\/sportsparten\/jugend-und-hund\/#breadcrumb"},"inLanguage":"de","potentialAction":[{"@type":"ReadAction","target":["https:\/\/kvwengi.ch\/neueWebpage\/sportsparten\/jugend-und-hund\/"]}]},{"@type":"ImageObject","inLanguage":"de","@id":"https:\/\/kvwengi.ch\/neueWebpage\/sportsparten\/jugend-und-hund\/#primaryimage","url":"https:\/\/kvwengi.ch\/neueWebpage\/wp-content\/uploads\/2023\/04\/Bild1.jpg","contentUrl":"https:\/\/kvwengi.ch\/neueWebpage\/wp-content\/uploads\/2023\/04\/Bild1.jpg","width":459,"height":305},{"@type":"BreadcrumbList","@id":"https:\/\/kvwengi.ch\/neueWebpage\/sportsparten\/jugend-und-hund\/#breadcrumb","itemListElement":[{"@type":"ListItem","position":1,"name":"Startseite","item":"https:\/\/kvwengi.ch\/neueWebpage\/"},{"@type":"ListItem","position":2,"name":"Sportsparten","item":"https:\/\/kvwengi.ch\/neueWebpage\/sportsparten\/"},{"@type":"ListItem","position":3,"name":"Jugend und Hund"}]},{"@type":"WebSite","@id":"https:\/\/kvwengi.ch\/neueWebpage\/#website","url":"https:\/\/kvwengi.ch\/neueWebpage\/","name":"KV Wengi","description":"KYNOLOGISCHER VEREIN WENGI SOLOTHURN UND UMGEBUNG","publisher":{"@id":"https:\/\/kvwengi.ch\/neueWebpage\/#organization"},"potentialAction":[{"@type":"SearchAction","target":{"@type":"EntryPoint","urlTemplate":"https:\/\/kvwengi.ch\/neueWebpage\/?s={search_term_string}"},"query-input":{"@type":"PropertyValueSpecification","valueRequired":true,"valueName":"search_term_string"}}],"inLanguage":"de"},{"@type":"Organization","@id":"https:\/\/kvwengi.ch\/neueWebpage\/#organization","name":"KV Wengi","url":"https:\/\/kvwengi.ch\/neueWebpage\/","logo":{"@type":"ImageObject","inLanguage":"de","@id":"https:\/\/kvwengi.ch\/neueWebpage\/#\/schema\/logo\/image\/","url":"https:\/\/kvwengi.ch\/neueWebpage\/wp-content\/uploads\/2026\/03\/cropped-Original_Wengi-2025_klein-e1774172228317.png","contentUrl":"https:\/\/kvwengi.ch\/neueWebpage\/wp-content\/uploads\/2026\/03\/cropped-Original_Wengi-2025_klein-e1774172228317.png","width":250,"height":213,"caption":"KV Wengi"},"image":{"@id":"https:\/\/kvwengi.ch\/neueWebpage\/#\/schema\/logo\/image\/"},"sameAs":["https:\/\/facebook.com\/kvwengi"]}]}},"_links":{"self":[{"href":"https:\/\/kvwengi.ch\/neueWebpage\/wp-json\/wp\/v2\/pages\/42","targetHints":{"allow":["GET"]}}],"collection":[{"href":"https:\/\/kvwengi.ch\/neueWebpage\/wp-json\/wp\/v2\/pages"}],"about":[{"href":"https:\/\/kvwengi.ch\/neueWebpage\/wp-json\/wp\/v2\/types\/page"}],"author":[{"embeddable":true,"href":"https:\/\/kvwengi.ch\/neueWebpage\/wp-json\/wp\/v2\/users\/1"}],"replies":[{"embeddable":true,"href":"https:\/\/kvwengi.ch\/neueWebpage\/wp-json\/wp\/v2\/comments?post=42"}],"version-history":[{"count":16,"href":"https:\/\/kvwengi.ch\/neueWebpage\/wp-json\/wp\/v2\/pages\/42\/revisions"}],"predecessor-version":[{"id":690,"href":"https:\/\/kvwengi.ch\/neueWebpage\/wp-json\/wp\/v2\/pages\/42\/revisions\/690"}],"up":[{"embeddable":true,"href":"https:\/\/kvwengi.ch\/neueWebpage\/wp-json\/wp\/v2\/pages\/53"}],"wp:attachment":[{"href":"https:\/\/kvwengi.ch\/neueWebpage\/wp-json\/wp\/v2\/media?parent=42"}],"curies":[{"name":"wp","href":"https:\/\/api.w.org\/{rel}","templated":true}]}}